{"id":457,"date":"2021-09-22T22:06:14","date_gmt":"2021-09-23T01:06:14","guid":{"rendered":"https:\/\/www.heliobras.com.br\/?page_id=457"},"modified":"2023-04-06T20:15:52","modified_gmt":"2023-04-06T23:15:52","slug":"sede-heliobras","status":"publish","type":"page","link":"https:\/\/www.heliobras.com.br\/index.php\/sede-heliobras\/","title":{"rendered":"Sede Heliobras"},"content":{"rendered":"\t\t<div data-elementor-type=\"wp-page\" data-elementor-id=\"457\" class=\"elementor elementor-457\" data-elementor-settings=\"[]\">\n\t\t\t\t\t\t\t<div class=\"elementor-section-wrap\">\n\t\t\t\t\t\t\t<section class=\"elementor-section elementor-top-section elementor-element elementor-element-e436804 elementor-section-boxed elementor-section-height-default elementor-section-height-default\" data-id=\"e436804\" data-element_type=\"section\">\n\t\t\t\t\t\t<div class=\"elementor-container elementor-column-gap-default\">\n\t\t\t\t\t<div class=\"elementor-column elementor-col-50 elementor-top-column elementor-element elementor-element-3cbe02c\" data-id=\"3cbe02c\" data-element_type=\"column\">\n\t\t\t<div class=\"elementor-widget-wrap elementor-element-populated\">\n\t\t\t\t\t\t\t\t<div class=\"elementor-element elementor-element-a399cef elementor--h-position-center elementor--v-position-middle elementor-arrows-position-inside elementor-widget elementor-widget-slides\" data-id=\"a399cef\" data-element_type=\"widget\" data-settings=\"{&quot;navigation&quot;:&quot;arrows&quot;,&quot;autoplay&quot;:&quot;yes&quot;,&quot;pause_on_hover&quot;:&quot;yes&quot;,&quot;pause_on_interaction&quot;:&quot;yes&quot;,&quot;autoplay_speed&quot;:5000,&quot;infinite&quot;:&quot;yes&quot;,&quot;transition&quot;:&quot;slide&quot;,&quot;transition_speed&quot;:500}\" data-widget_type=\"slides.default\">\n\t\t\t\t<div class=\"elementor-widget-container\">\n\t\t\t\t\t<div class=\"elementor-swiper\">\n\t\t\t<div class=\"elementor-slides-wrapper elementor-main-swiper swiper-container\" dir=\"ltr\" data-animation=\"fadeInUp\">\n\t\t\t\t<div class=\"swiper-wrapper elementor-slides\">\n\t\t\t\t\t<div class=\"elementor-repeater-item-5362725 swiper-slide\"><div class=\"swiper-slide-bg\"><\/div><div class=\"swiper-slide-inner\" ><div class=\"swiper-slide-contents\"><\/div><\/div><\/div><div class=\"elementor-repeater-item-769c398 swiper-slide\"><div class=\"swiper-slide-bg\"><\/div><div class=\"swiper-slide-inner\" ><div class=\"swiper-slide-contents\"><\/div><\/div><\/div><div class=\"elementor-repeater-item-30d4f56 swiper-slide\"><div class=\"swiper-slide-bg\"><\/div><div class=\"swiper-slide-inner\" ><div class=\"swiper-slide-contents\"><\/div><\/div><\/div><div class=\"elementor-repeater-item-2f28c2e swiper-slide\"><div class=\"swiper-slide-bg\"><\/div><div class=\"swiper-slide-inner\" ><div class=\"swiper-slide-contents\"><\/div><\/div><\/div>\t\t\t\t<\/div>\n\t\t\t\t\t\t\t\t\t\t\t\t\t\t\t\t\t\t\t\t<div class=\"elementor-swiper-button elementor-swiper-button-prev\">\n\t\t\t\t\t\t\t<i class=\"eicon-chevron-left\" aria-hidden=\"true\"><\/i>\n\t\t\t\t\t\t\t<span class=\"elementor-screen-only\">Previous<\/span>\n\t\t\t\t\t\t<\/div>\n\t\t\t\t\t\t<div class=\"elementor-swiper-button elementor-swiper-button-next\">\n\t\t\t\t\t\t\t<i class=\"eicon-chevron-right\" aria-hidden=\"true\"><\/i>\n\t\t\t\t\t\t\t<span class=\"elementor-screen-only\">Next<\/span>\n\t\t\t\t\t\t<\/div>\n\t\t\t\t\t\t\t\t\t\t\t\t<\/div>\n\t\t<\/div>\n\t\t\t\t<\/div>\n\t\t\t\t<\/div>\n\t\t\t\t\t<\/div>\n\t\t<\/div>\n\t\t\t\t<div class=\"elementor-column elementor-col-50 elementor-top-column elementor-element elementor-element-f6fb62d\" data-id=\"f6fb62d\" data-element_type=\"column\">\n\t\t\t<div class=\"elementor-widget-wrap elementor-element-populated\">\n\t\t\t\t\t\t\t\t<div class=\"elementor-element elementor-element-b401c1c elementor-widget elementor-widget-heading\" data-id=\"b401c1c\" data-element_type=\"widget\" data-widget_type=\"heading.default\">\n\t\t\t\t<div class=\"elementor-widget-container\">\n\t\t\t<h2 class=\"elementor-heading-title elementor-size-default\">Sede Heliobras<\/h2>\t\t<\/div>\n\t\t\t\t<\/div>\n\t\t\t\t<div class=\"elementor-element elementor-element-43568c0 elementor-widget elementor-widget-text-editor\" data-id=\"43568c0\" data-element_type=\"widget\" data-widget_type=\"text-editor.default\">\n\t\t\t\t<div class=\"elementor-widget-container\">\n\t\t\t\t\t<div class=\"elementor-text-editor elementor-clearfix\"><p>Numa sede com mais de 500m<sup>2<\/sup> de \u00e1rea constru\u00edda, a sede da Heliobras reflete a solidez do grupo e a grandiosidade dos seus neg\u00f3cios. Na sede ficam os servi\u00e7os compartilhados do grupo, como Contabilidade, Jur\u00eddico, Controladoria e o desenvolvimento de tecnologia.<\/p><p>A Heliobras se inspira na sustentabilidade para pautar todos os seus neg\u00f3cios. A sede possui espa\u00e7o arborizado e de lazer para o conforto dos colaboradores do grupo. A Heliobras traz a contemporaneidade da tecnologia da informa\u00e7\u00e3o sem perder a tradi\u00e7\u00e3o de fam\u00edlia, sempre pautada pela dedica\u00e7\u00e3o aos neg\u00f3cios e pela meritocracia no ambiente de trabalho.<\/p><p>O seu principal objetivo \u00e9 agregar as diretrizes de todos os neg\u00f3cios do grupo numa vis\u00e3o central de \u00e9tica, profissionalismo, dedica\u00e7\u00e3o e comprometimento com os clientes e colaboradores. Heliobras, iluminando os caminhos dos nossos neg\u00f3cios no Brasil.<\/p><\/div>\n\t\t\t\t<\/div>\n\t\t\t\t<\/div>\n\t\t\t\t\t<\/div>\n\t\t<\/div>\n\t\t\t\t\t\t\t<\/div>\n\t\t<\/section>\n\t\t\t\t<section class=\"elementor-section elementor-top-section elementor-element elementor-element-51ed38c elementor-section-boxed elementor-section-height-default elementor-section-height-default\" data-id=\"51ed38c\" data-element_type=\"section\">\n\t\t\t\t\t\t<div class=\"elementor-container elementor-column-gap-default\">\n\t\t\t\t\t<div class=\"elementor-column elementor-col-100 elementor-top-column elementor-element elementor-element-aab9b86\" data-id=\"aab9b86\" data-element_type=\"column\">\n\t\t\t<div class=\"elementor-widget-wrap elementor-element-populated\">\n\t\t\t\t\t\t\t\t<div class=\"elementor-element elementor-element-540d435 elementor-widget elementor-widget-gallery\" data-id=\"540d435\" data-element_type=\"widget\" data-settings=\"{&quot;lazyload&quot;:&quot;yes&quot;,&quot;gallery_layout&quot;:&quot;grid&quot;,&quot;columns&quot;:4,&quot;columns_tablet&quot;:2,&quot;columns_mobile&quot;:1,&quot;gap&quot;:{&quot;unit&quot;:&quot;px&quot;,&quot;size&quot;:10,&quot;sizes&quot;:[]},&quot;gap_tablet&quot;:{&quot;unit&quot;:&quot;px&quot;,&quot;size&quot;:10,&quot;sizes&quot;:[]},&quot;gap_mobile&quot;:{&quot;unit&quot;:&quot;px&quot;,&quot;size&quot;:10,&quot;sizes&quot;:[]},&quot;link_to&quot;:&quot;file&quot;,&quot;aspect_ratio&quot;:&quot;3:2&quot;,&quot;overlay_background&quot;:&quot;yes&quot;,&quot;content_hover_animation&quot;:&quot;fade-in&quot;}\" data-widget_type=\"gallery.default\">\n\t\t\t\t<div class=\"elementor-widget-container\">\n\t\t\t\t\t<div class=\"elementor-gallery__container\">\n\t\t\t\t\t\t\t<a class=\"e-gallery-item elementor-gallery-item elementor-animated-content\" href=\"https:\/\/www.heliobras.com.br\/wp-content\/uploads\/2021\/09\/IMG_20210923_173056.jpg\" data-elementor-open-lightbox=\"yes\" data-elementor-lightbox-slideshow=\"all-540d435\" data-elementor-lightbox-title=\"Sede Heliobras - \u00c1rea Externa\">\n\t\t\t\t\t<div class=\"e-gallery-image elementor-gallery-item__image\" data-thumbnail=\"https:\/\/www.heliobras.com.br\/wp-content\/uploads\/2021\/09\/IMG_20210923_173056-300x225.jpg\" data-width=\"300\" data-height=\"225\" alt=\"\" ><\/div>\n\t\t\t\t\t\t\t\t\t\t<div class=\"elementor-gallery-item__overlay\"><\/div>\n\t\t\t\t\t\t\t\t\t\t\t\t\t\t<\/a>\n\t\t\t\t\t\t\t<a class=\"e-gallery-item elementor-gallery-item elementor-animated-content\" href=\"https:\/\/www.heliobras.com.br\/wp-content\/uploads\/2021\/09\/IMG_20210923_175131.jpg\" data-elementor-open-lightbox=\"yes\" data-elementor-lightbox-slideshow=\"all-540d435\" data-elementor-lightbox-title=\"Sede Heliobras - Setor de Sa\u00fade\">\n\t\t\t\t\t<div class=\"e-gallery-image elementor-gallery-item__image\" data-thumbnail=\"https:\/\/www.heliobras.com.br\/wp-content\/uploads\/2021\/09\/IMG_20210923_175131-300x225.jpg\" data-width=\"300\" data-height=\"225\" alt=\"\" ><\/div>\n\t\t\t\t\t\t\t\t\t\t<div class=\"elementor-gallery-item__overlay\"><\/div>\n\t\t\t\t\t\t\t\t\t\t\t\t\t\t<\/a>\n\t\t\t\t\t\t\t<a class=\"e-gallery-item elementor-gallery-item elementor-animated-content\" href=\"https:\/\/www.heliobras.com.br\/wp-content\/uploads\/2021\/09\/IMG_20210923_175103.jpg\" data-elementor-open-lightbox=\"yes\" data-elementor-lightbox-slideshow=\"all-540d435\" data-elementor-lightbox-title=\"Sede Heliobras - Setor de Sa\u00fade\">\n\t\t\t\t\t<div class=\"e-gallery-image elementor-gallery-item__image\" data-thumbnail=\"https:\/\/www.heliobras.com.br\/wp-content\/uploads\/2021\/09\/IMG_20210923_175103-300x225.jpg\" data-width=\"300\" data-height=\"225\" alt=\"\" ><\/div>\n\t\t\t\t\t\t\t\t\t\t<div class=\"elementor-gallery-item__overlay\"><\/div>\n\t\t\t\t\t\t\t\t\t\t\t\t\t\t<\/a>\n\t\t\t\t\t\t\t<a class=\"e-gallery-item elementor-gallery-item elementor-animated-content\" href=\"https:\/\/www.heliobras.com.br\/wp-content\/uploads\/2021\/09\/IMG_20210923_175035.jpg\" data-elementor-open-lightbox=\"yes\" data-elementor-lightbox-slideshow=\"all-540d435\" data-elementor-lightbox-title=\"Sede Heliobras - \u00c1rea Externa\">\n\t\t\t\t\t<div class=\"e-gallery-image elementor-gallery-item__image\" data-thumbnail=\"https:\/\/www.heliobras.com.br\/wp-content\/uploads\/2021\/09\/IMG_20210923_175035-300x225.jpg\" data-width=\"300\" data-height=\"225\" alt=\"\" ><\/div>\n\t\t\t\t\t\t\t\t\t\t<div class=\"elementor-gallery-item__overlay\"><\/div>\n\t\t\t\t\t\t\t\t\t\t\t\t\t\t<\/a>\n\t\t\t\t\t\t\t<a class=\"e-gallery-item elementor-gallery-item elementor-animated-content\" href=\"https:\/\/www.heliobras.com.br\/wp-content\/uploads\/2021\/09\/IMG_20210923_174900.jpg\" data-elementor-open-lightbox=\"yes\" data-elementor-lightbox-slideshow=\"all-540d435\" data-elementor-lightbox-title=\"Sede Heliobras - \u00c1rea Externa\">\n\t\t\t\t\t<div class=\"e-gallery-image elementor-gallery-item__image\" data-thumbnail=\"https:\/\/www.heliobras.com.br\/wp-content\/uploads\/2021\/09\/IMG_20210923_174900-300x225.jpg\" data-width=\"300\" data-height=\"225\" alt=\"\" ><\/div>\n\t\t\t\t\t\t\t\t\t\t<div class=\"elementor-gallery-item__overlay\"><\/div>\n\t\t\t\t\t\t\t\t\t\t\t\t\t\t<\/a>\n\t\t\t\t\t\t\t<a class=\"e-gallery-item elementor-gallery-item elementor-animated-content\" href=\"https:\/\/www.heliobras.com.br\/wp-content\/uploads\/2021\/09\/IMG_20210923_174754.jpg\" data-elementor-open-lightbox=\"yes\" data-elementor-lightbox-slideshow=\"all-540d435\" data-elementor-lightbox-title=\"Sede Heliobras - \u00c1rea Externa\">\n\t\t\t\t\t<div class=\"e-gallery-image elementor-gallery-item__image\" data-thumbnail=\"https:\/\/www.heliobras.com.br\/wp-content\/uploads\/2021\/09\/IMG_20210923_174754-300x225.jpg\" data-width=\"300\" data-height=\"225\" alt=\"\" ><\/div>\n\t\t\t\t\t\t\t\t\t\t<div class=\"elementor-gallery-item__overlay\"><\/div>\n\t\t\t\t\t\t\t\t\t\t\t\t\t\t<\/a>\n\t\t\t\t\t\t\t<a class=\"e-gallery-item elementor-gallery-item elementor-animated-content\" href=\"https:\/\/www.heliobras.com.br\/wp-content\/uploads\/2021\/09\/IMG_20210923_174658.jpg\" data-elementor-open-lightbox=\"yes\" data-elementor-lightbox-slideshow=\"all-540d435\" data-elementor-lightbox-title=\"Sede Heliobras - Sala de Reuni\u00e3o Radiante\">\n\t\t\t\t\t<div class=\"e-gallery-image elementor-gallery-item__image\" data-thumbnail=\"https:\/\/www.heliobras.com.br\/wp-content\/uploads\/2021\/09\/IMG_20210923_174658-300x225.jpg\" data-width=\"300\" data-height=\"225\" alt=\"\" ><\/div>\n\t\t\t\t\t\t\t\t\t\t<div class=\"elementor-gallery-item__overlay\"><\/div>\n\t\t\t\t\t\t\t\t\t\t\t\t\t\t<\/a>\n\t\t\t\t\t\t\t<a class=\"e-gallery-item elementor-gallery-item elementor-animated-content\" href=\"https:\/\/www.heliobras.com.br\/wp-content\/uploads\/2021\/09\/IMG_20210923_174633.jpg\" data-elementor-open-lightbox=\"yes\" data-elementor-lightbox-slideshow=\"all-540d435\" data-elementor-lightbox-title=\"Sede Heliobras - Sala de Reuni\u00e3o Radiante\">\n\t\t\t\t\t<div class=\"e-gallery-image elementor-gallery-item__image\" data-thumbnail=\"https:\/\/www.heliobras.com.br\/wp-content\/uploads\/2021\/09\/IMG_20210923_174633-300x225.jpg\" data-width=\"300\" data-height=\"225\" alt=\"\" ><\/div>\n\t\t\t\t\t\t\t\t\t\t<div class=\"elementor-gallery-item__overlay\"><\/div>\n\t\t\t\t\t\t\t\t\t\t\t\t\t\t<\/a>\n\t\t\t\t\t\t\t<a class=\"e-gallery-item elementor-gallery-item elementor-animated-content\" href=\"https:\/\/www.heliobras.com.br\/wp-content\/uploads\/2021\/09\/IMG_20210923_174552.jpg\" data-elementor-open-lightbox=\"yes\" data-elementor-lightbox-slideshow=\"all-540d435\" data-elementor-lightbox-title=\"Sede Heliobras - Salas Multilig e FibraBem\">\n\t\t\t\t\t<div class=\"e-gallery-image elementor-gallery-item__image\" data-thumbnail=\"https:\/\/www.heliobras.com.br\/wp-content\/uploads\/2021\/09\/IMG_20210923_174552-300x225.jpg\" data-width=\"300\" data-height=\"225\" alt=\"\" ><\/div>\n\t\t\t\t\t\t\t\t\t\t<div class=\"elementor-gallery-item__overlay\"><\/div>\n\t\t\t\t\t\t\t\t\t\t\t\t\t\t<\/a>\n\t\t\t\t\t\t\t<a class=\"e-gallery-item elementor-gallery-item elementor-animated-content\" href=\"https:\/\/www.heliobras.com.br\/wp-content\/uploads\/2021\/09\/IMG_20210923_174447.jpg\" data-elementor-open-lightbox=\"yes\" data-elementor-lightbox-slideshow=\"all-540d435\" data-elementor-lightbox-title=\"Sede Heliobras - Multilig\">\n\t\t\t\t\t<div class=\"e-gallery-image elementor-gallery-item__image\" data-thumbnail=\"https:\/\/www.heliobras.com.br\/wp-content\/uploads\/2021\/09\/IMG_20210923_174447-300x225.jpg\" data-width=\"300\" data-height=\"225\" alt=\"\" ><\/div>\n\t\t\t\t\t\t\t\t\t\t<div class=\"elementor-gallery-item__overlay\"><\/div>\n\t\t\t\t\t\t\t\t\t\t\t\t\t\t<\/a>\n\t\t\t\t\t\t\t<a class=\"e-gallery-item elementor-gallery-item elementor-animated-content\" href=\"https:\/\/www.heliobras.com.br\/wp-content\/uploads\/2021\/09\/IMG_20210923_174429.jpg\" data-elementor-open-lightbox=\"yes\" data-elementor-lightbox-slideshow=\"all-540d435\" data-elementor-lightbox-title=\"Sede Heliobras - Multilig\">\n\t\t\t\t\t<div class=\"e-gallery-image elementor-gallery-item__image\" data-thumbnail=\"https:\/\/www.heliobras.com.br\/wp-content\/uploads\/2021\/09\/IMG_20210923_174429-300x225.jpg\" data-width=\"300\" data-height=\"225\" alt=\"\" ><\/div>\n\t\t\t\t\t\t\t\t\t\t<div class=\"elementor-gallery-item__overlay\"><\/div>\n\t\t\t\t\t\t\t\t\t\t\t\t\t\t<\/a>\n\t\t\t\t\t\t\t<a class=\"e-gallery-item elementor-gallery-item elementor-animated-content\" href=\"https:\/\/www.heliobras.com.br\/wp-content\/uploads\/2021\/09\/IMG_20210923_174334.jpg\" data-elementor-open-lightbox=\"yes\" data-elementor-lightbox-slideshow=\"all-540d435\" data-elementor-lightbox-title=\"Sede Heliobras - Jur\u00eddico\">\n\t\t\t\t\t<div class=\"e-gallery-image elementor-gallery-item__image\" data-thumbnail=\"https:\/\/www.heliobras.com.br\/wp-content\/uploads\/2021\/09\/IMG_20210923_174334-300x225.jpg\" data-width=\"300\" data-height=\"225\" alt=\"\" ><\/div>\n\t\t\t\t\t\t\t\t\t\t<div class=\"elementor-gallery-item__overlay\"><\/div>\n\t\t\t\t\t\t\t\t\t\t\t\t\t\t<\/a>\n\t\t\t\t\t\t\t<a class=\"e-gallery-item elementor-gallery-item elementor-animated-content\" href=\"https:\/\/www.heliobras.com.br\/wp-content\/uploads\/2021\/09\/IMG_20210923_174012.jpg\" data-elementor-open-lightbox=\"yes\" data-elementor-lightbox-slideshow=\"all-540d435\" data-elementor-lightbox-title=\"Sede Heliobras - Recep\u00e7\u00e3o\">\n\t\t\t\t\t<div class=\"e-gallery-image elementor-gallery-item__image\" data-thumbnail=\"https:\/\/www.heliobras.com.br\/wp-content\/uploads\/2021\/09\/IMG_20210923_174012-300x225.jpg\" data-width=\"300\" data-height=\"225\" alt=\"\" ><\/div>\n\t\t\t\t\t\t\t\t\t\t<div class=\"elementor-gallery-item__overlay\"><\/div>\n\t\t\t\t\t\t\t\t\t\t\t\t\t\t<\/a>\n\t\t\t\t\t\t\t<a class=\"e-gallery-item elementor-gallery-item elementor-animated-content\" href=\"https:\/\/www.heliobras.com.br\/wp-content\/uploads\/2021\/09\/IMG_20210923_173742.jpg\" data-elementor-open-lightbox=\"yes\" data-elementor-lightbox-slideshow=\"all-540d435\" data-elementor-lightbox-title=\"Sede Heliobras - Sala de Reuni\u00e3o C\u00e2ndido\">\n\t\t\t\t\t<div class=\"e-gallery-image elementor-gallery-item__image\" data-thumbnail=\"https:\/\/www.heliobras.com.br\/wp-content\/uploads\/2021\/09\/IMG_20210923_173742-300x225.jpg\" data-width=\"300\" data-height=\"225\" alt=\"\" ><\/div>\n\t\t\t\t\t\t\t\t\t\t<div class=\"elementor-gallery-item__overlay\"><\/div>\n\t\t\t\t\t\t\t\t\t\t\t\t\t\t<\/a>\n\t\t\t\t\t\t\t<a class=\"e-gallery-item elementor-gallery-item elementor-animated-content\" href=\"https:\/\/www.heliobras.com.br\/wp-content\/uploads\/2023\/04\/recepcao.jpg\" data-elementor-open-lightbox=\"yes\" data-elementor-lightbox-slideshow=\"all-540d435\" data-elementor-lightbox-title=\"recepcao\">\n\t\t\t\t\t<div class=\"e-gallery-image elementor-gallery-item__image\" data-thumbnail=\"https:\/\/www.heliobras.com.br\/wp-content\/uploads\/2023\/04\/recepcao-300x225.jpg\" data-width=\"300\" data-height=\"225\" alt=\"\" ><\/div>\n\t\t\t\t\t\t\t\t\t\t<div class=\"elementor-gallery-item__overlay\"><\/div>\n\t\t\t\t\t\t\t\t\t\t\t\t\t\t<\/a>\n\t\t\t\t\t\t\t<a class=\"e-gallery-item elementor-gallery-item elementor-animated-content\" href=\"https:\/\/www.heliobras.com.br\/wp-content\/uploads\/2021\/09\/IMG_20210923_173444.jpg\" data-elementor-open-lightbox=\"yes\" data-elementor-lightbox-slideshow=\"all-540d435\" data-elementor-lightbox-title=\"Sede Heliobras - \u00c1rea Externa\">\n\t\t\t\t\t<div class=\"e-gallery-image elementor-gallery-item__image\" data-thumbnail=\"https:\/\/www.heliobras.com.br\/wp-content\/uploads\/2021\/09\/IMG_20210923_173444-300x225.jpg\" data-width=\"300\" data-height=\"225\" alt=\"\" ><\/div>\n\t\t\t\t\t\t\t\t\t\t<div class=\"elementor-gallery-item__overlay\"><\/div>\n\t\t\t\t\t\t\t\t\t\t\t\t\t\t<\/a>\n\t\t\t\t\t<\/div>\n\t\t\t<\/div>\n\t\t\t\t<\/div>\n\t\t\t\t\t<\/div>\n\t\t<\/div>\n\t\t\t\t\t\t\t<\/div>\n\t\t<\/section>\n\t\t\t\t\t\t<\/div>\n\t\t\t\t\t<\/div>\n\t\t","protected":false},"excerpt":{"rendered":"<p>Previous<br \/>\n\t\t\t\t\t\t\tNext<br \/>\nSede Heliobras<br \/>\nNuma sede com mais de 500m2 de \u00e1rea constru\u00edda, a sede da Heliobras reflete a solidez do grupo e a grandiosidade dos seus neg\u00f3cios. Na sede ficam os servi\u00e7os compartilhados do grupo, como Contabilidade, Jur\u00eddico, Controladoria e o desenvolvimento de tecnologia.<br \/>\nA Heliobras se inspira na sustentabilidade para pautar todos os seus neg\u00f3cios. A sede possui espa\u00e7o arborizado e de lazer para o conforto dos colaboradores do grupo. A Heliobras traz a contemporaneidade da tecnologia da informa\u00e7\u00e3o sem perder a tradi\u00e7\u00e3o de fam\u00edlia, sempre pautada pela dedica\u00e7\u00e3o aos neg\u00f3cios e pela meritocracia no ambiente de trabalho.<br \/>\nO seu principal objetivo \u00e9 agregar as diretrizes de todos os neg\u00f3cios do grupo numa vis\u00e3o central de \u00e9tica, profissionalismo, dedica\u00e7\u00e3o e comprometimento com os clientes e colaboradores. Heliobras, iluminando os caminhos dos nossos neg\u00f3cios no Brasil.<\/p>\n<p><\/p>\n","protected":false},"author":1,"featured_media":0,"parent":0,"menu_order":0,"comment_status":"closed","ping_status":"closed","template":"","meta":[],"yoast_head":"<!-- This site is optimized with the Yoast SEO plugin v17.2 - https:\/\/yoast.com\/wordpress\/plugins\/seo\/ -->\n<title>Sede Heliobras - Heliobras Participa\u00e7\u00f5es<\/title>\n<meta name=\"robots\" content=\"noindex, follow, max-snippet:-1, max-image-preview:large, max-video-preview:-1\" \/>\n<meta property=\"og:locale\" content=\"en_US\" \/>\n<meta property=\"og:type\" content=\"article\" \/>\n<meta property=\"og:title\" content=\"Sede Heliobras - Heliobras Participa\u00e7\u00f5es\" \/>\n<meta property=\"og:description\" content=\"Previous    Next Sede Heliobras Numa sede com mais de 500m2 de \u00e1rea constru\u00edda, a sede da Heliobras reflete a solidez do grupo e a grandiosidade dos seus neg\u00f3cios. Na sede ficam os servi\u00e7os compartilhados do grupo, como Contabilidade, Jur\u00eddico, Controladoria e o desenvolvimento de tecnologia. A Heliobras se inspira na sustentabilidade para pautar todos os seus neg\u00f3cios. A sede possui espa\u00e7o arborizado e de lazer para o conforto dos colaboradores do grupo. A Heliobras traz a contemporaneidade da tecnologia da informa\u00e7\u00e3o sem perder a tradi\u00e7\u00e3o de fam\u00edlia, sempre pautada pela dedica\u00e7\u00e3o aos neg\u00f3cios e pela meritocracia no ambiente de trabalho. O seu principal objetivo \u00e9 agregar as diretrizes de todos os neg\u00f3cios do grupo numa vis\u00e3o central de \u00e9tica, profissionalismo, dedica\u00e7\u00e3o e comprometimento com os clientes e colaboradores. Heliobras, iluminando os caminhos dos nossos neg\u00f3cios no Brasil.\" \/>\n<meta property=\"og:url\" content=\"https:\/\/www.heliobras.com.br\/index.php\/sede-heliobras\/\" \/>\n<meta property=\"og:site_name\" content=\"Heliobras Participa\u00e7\u00f5es\" \/>\n<meta property=\"article:modified_time\" content=\"2023-04-06T23:15:52+00:00\" \/>\n<meta name=\"twitter:card\" content=\"summary_large_image\" \/>\n<meta name=\"twitter:label1\" content=\"Est. reading time\" \/>\n\t<meta name=\"twitter:data1\" content=\"1 minute\" \/>\n<script type=\"application\/ld+json\" class=\"yoast-schema-graph\">{\"@context\":\"https:\/\/schema.org\",\"@graph\":[{\"@type\":\"WebSite\",\"@id\":\"https:\/\/www.heliobras.com.br\/#website\",\"url\":\"https:\/\/www.heliobras.com.br\/\",\"name\":\"Heliobras Participa\\u00e7\\u00f5es\",\"description\":\"\",\"potentialAction\":[{\"@type\":\"SearchAction\",\"target\":{\"@type\":\"EntryPoint\",\"urlTemplate\":\"https:\/\/www.heliobras.com.br\/?s={search_term_string}\"},\"query-input\":\"required name=search_term_string\"}],\"inLanguage\":\"en-US\"},{\"@type\":\"WebPage\",\"@id\":\"https:\/\/www.heliobras.com.br\/index.php\/sede-heliobras\/#webpage\",\"url\":\"https:\/\/www.heliobras.com.br\/index.php\/sede-heliobras\/\",\"name\":\"Sede Heliobras - Heliobras Participa\\u00e7\\u00f5es\",\"isPartOf\":{\"@id\":\"https:\/\/www.heliobras.com.br\/#website\"},\"datePublished\":\"2021-09-23T01:06:14+00:00\",\"dateModified\":\"2023-04-06T23:15:52+00:00\",\"breadcrumb\":{\"@id\":\"https:\/\/www.heliobras.com.br\/index.php\/sede-heliobras\/#breadcrumb\"},\"inLanguage\":\"en-US\",\"potentialAction\":[{\"@type\":\"ReadAction\",\"target\":[\"https:\/\/www.heliobras.com.br\/index.php\/sede-heliobras\/\"]}]},{\"@type\":\"BreadcrumbList\",\"@id\":\"https:\/\/www.heliobras.com.br\/index.php\/sede-heliobras\/#breadcrumb\",\"itemListElement\":[{\"@type\":\"ListItem\",\"position\":1,\"name\":\"Home\",\"item\":\"https:\/\/www.heliobras.com.br\/\"},{\"@type\":\"ListItem\",\"position\":2,\"name\":\"Sede Heliobras\"}]}]}<\/script>\n<!-- \/ Yoast SEO plugin. -->","yoast_head_json":{"title":"Sede Heliobras - Heliobras Participa\u00e7\u00f5es","robots":{"index":"noindex","follow":"follow","max-snippet":"max-snippet:-1","max-image-preview":"max-image-preview:large","max-video-preview":"max-video-preview:-1"},"og_locale":"en_US","og_type":"article","og_title":"Sede Heliobras - Heliobras Participa\u00e7\u00f5es","og_description":"Previous    Next Sede Heliobras Numa sede com mais de 500m2 de \u00e1rea constru\u00edda, a sede da Heliobras reflete a solidez do grupo e a grandiosidade dos seus neg\u00f3cios. Na sede ficam os servi\u00e7os compartilhados do grupo, como Contabilidade, Jur\u00eddico, Controladoria e o desenvolvimento de tecnologia. A Heliobras se inspira na sustentabilidade para pautar todos os seus neg\u00f3cios. A sede possui espa\u00e7o arborizado e de lazer para o conforto dos colaboradores do grupo. A Heliobras traz a contemporaneidade da tecnologia da informa\u00e7\u00e3o sem perder a tradi\u00e7\u00e3o de fam\u00edlia, sempre pautada pela dedica\u00e7\u00e3o aos neg\u00f3cios e pela meritocracia no ambiente de trabalho. O seu principal objetivo \u00e9 agregar as diretrizes de todos os neg\u00f3cios do grupo numa vis\u00e3o central de \u00e9tica, profissionalismo, dedica\u00e7\u00e3o e comprometimento com os clientes e colaboradores. Heliobras, iluminando os caminhos dos nossos neg\u00f3cios no Brasil.","og_url":"https:\/\/www.heliobras.com.br\/index.php\/sede-heliobras\/","og_site_name":"Heliobras Participa\u00e7\u00f5es","article_modified_time":"2023-04-06T23:15:52+00:00","twitter_card":"summary_large_image","twitter_misc":{"Est. reading time":"1 minute"},"schema":{"@context":"https:\/\/schema.org","@graph":[{"@type":"WebSite","@id":"https:\/\/www.heliobras.com.br\/#website","url":"https:\/\/www.heliobras.com.br\/","name":"Heliobras Participa\u00e7\u00f5es","description":"","potentialAction":[{"@type":"SearchAction","target":{"@type":"EntryPoint","urlTemplate":"https:\/\/www.heliobras.com.br\/?s={search_term_string}"},"query-input":"required name=search_term_string"}],"inLanguage":"en-US"},{"@type":"WebPage","@id":"https:\/\/www.heliobras.com.br\/index.php\/sede-heliobras\/#webpage","url":"https:\/\/www.heliobras.com.br\/index.php\/sede-heliobras\/","name":"Sede Heliobras - Heliobras Participa\u00e7\u00f5es","isPartOf":{"@id":"https:\/\/www.heliobras.com.br\/#website"},"datePublished":"2021-09-23T01:06:14+00:00","dateModified":"2023-04-06T23:15:52+00:00","breadcrumb":{"@id":"https:\/\/www.heliobras.com.br\/index.php\/sede-heliobras\/#breadcrumb"},"inLanguage":"en-US","potentialAction":[{"@type":"ReadAction","target":["https:\/\/www.heliobras.com.br\/index.php\/sede-heliobras\/"]}]},{"@type":"BreadcrumbList","@id":"https:\/\/www.heliobras.com.br\/index.php\/sede-heliobras\/#breadcrumb","itemListElement":[{"@type":"ListItem","position":1,"name":"Home","item":"https:\/\/www.heliobras.com.br\/"},{"@type":"ListItem","position":2,"name":"Sede Heliobras"}]}]}},"_links":{"self":[{"href":"https:\/\/www.heliobras.com.br\/index.php\/wp-json\/wp\/v2\/pages\/457"}],"collection":[{"href":"https:\/\/www.heliobras.com.br\/index.php\/wp-json\/wp\/v2\/pages"}],"about":[{"href":"https:\/\/www.heliobras.com.br\/index.php\/wp-json\/wp\/v2\/types\/page"}],"author":[{"embeddable":true,"href":"https:\/\/www.heliobras.com.br\/index.php\/wp-json\/wp\/v2\/users\/1"}],"replies":[{"embeddable":true,"href":"https:\/\/www.heliobras.com.br\/index.php\/wp-json\/wp\/v2\/comments?post=457"}],"version-history":[{"count":28,"href":"https:\/\/www.heliobras.com.br\/index.php\/wp-json\/wp\/v2\/pages\/457\/revisions"}],"predecessor-version":[{"id":781,"href":"https:\/\/www.heliobras.com.br\/index.php\/wp-json\/wp\/v2\/pages\/457\/revisions\/781"}],"wp:attachment":[{"href":"https:\/\/www.heliobras.com.br\/index.php\/wp-json\/wp\/v2\/media?parent=457"}],"curies":[{"name":"wp","href":"https:\/\/api.w.org\/{rel}","templated":true}]}}